{"id":21,"date":"2013-12-10T19:06:53","date_gmt":"2013-12-10T18:06:53","guid":{"rendered":"http:\/\/localhost\/karadesign\/?page_id=21"},"modified":"2021-06-30T18:39:49","modified_gmt":"2021-06-30T16:39:49","slug":"uslugi","status":"publish","type":"page","link":"https:\/\/karadesign.pl\/?page_id=21","title":{"rendered":"OFERTA"},"content":{"rendered":"\n<p style=\"font-size:30px\"><strong>PROJEKT WN\u0118TRZA<\/strong><\/p>\n\n\n\n<p style=\"font-size:17px\">Standardowy projekt podzielony jest na 3 etapy i zawiera:<\/p>\n\n\n\n<p style=\"font-size:17px\">1. Przygotowanie kilku wst\u0119pnych koncepcji uk\u0142ad\u00f3w funkcjonalnych (rzuty).<\/p>\n\n\n\n<p style=\"font-size:17px\">2. Po ustaleniu ostatecznego uk\u0142adu funkcjonalnego przygotowuj\u0119 wizualizacje ca\u0142o\u015bci<br>z uwzgl\u0119dnieniem r\u00f3\u017cnych wersji kolorystycznych i materia\u0142owych.<\/p>\n\n\n\n<p style=\"font-size:17px\">3. Na koniec, po ostatecznym zaakceptowaniu przez Inwestora projektu, powstaj\u0105 rysunki techniczne (elektryka, pod\u0142ogi, sufity, meble na wymiar, k\u0142ady \u015bcian itd.) oraz lista materia\u0142\u00f3w i element\u00f3w&nbsp;wyposa\u017cenia wn\u0119trz&nbsp;&#8211; wszystko potrzebne do realizacji projektu; podczas procesu projektowego oczywi\u015bcie przeprowadzane<br>s\u0105 konsultacje oraz spotkania.<\/p>\n\n\n\n<p style=\"font-size:17px\">Ka\u017cdy projekt wyceniamy indywidualnie w zale\u017cno\u015bci od zakresu projektu, ilo\u015bci pomieszcze\u0144<br>i metr\u00f3w kwadratowych. W celu wyceny prosimy o kontakt telefoniczny:<br>501 35 41 42 lub mailowy: karolina@karadesign.pl<\/p>\n\n\n\n<p style=\"font-size:30px\"><strong>HOME STAGING<\/strong><\/p>\n\n\n\n<p style=\"font-size:17px\">Jest to stosunkowo nowa us\u0142uga na polskim rynku, ale dobrze znana w innych krajach,\u00a0polegaj\u0105ca na profesjonalnej pomocy w przygotowaniu nieruchomo\u015bci do sprzeda\u017cy lub wynajmu. Sprawia ona, \u017ce warto\u015b\u0107  mieszkania lub domu znacznie wzrasta przy stosunkowo niewielkim nak\u0142adzie pieni\u0119\u017cnym.<\/p>\n\n\n\n<p style=\"font-size:17px\">Do wyboru mamy kilka opcji w zale\u017cno\u015bci od bud\u017cetu:<\/p>\n\n\n\n<p style=\"font-size:17px\">&#8211; konsultacje<\/p>\n\n\n\n<p style=\"font-size:17px\">&#8211; konsultacje i przeprowadzenie metamorfozy inwestycji tak by by\u0142a bardziej atrakcyjna dla potencjalnego nabywcy lub wynajmuj\u0105cego.<\/p>\n\n\n\n<p style=\"font-size:17px\">&#8211; konsultacje, metamorfoza oraz profesjonalna sesja zdj\u0119ciowa.<\/p>\n\n\n\n<p style=\"font-size:17px\">Je\u015bli jeste\u015bcie Pa\u0144stwo zainteresowani jeszcze inna form\u0105 wsp\u00f3\u0142pracy zapraszamy serdecznie do kontaktu.&nbsp;<\/p>\n","protected":false},"excerpt":{"rendered":"<p>PROJEKT WN\u0118TRZA Standardowy projekt podzielony jest na 3 etapy i zawiera: 1. Przygotowanie kilku wst\u0119pnych koncepcji uk\u0142ad\u00f3w funkcjonalnych (rzuty). 2. Po ustaleniu ostatecznego uk\u0142adu funkcjonalnego przygotowuj\u0119 wizualizacje ca\u0142o\u015bciz uwzgl\u0119dnieniem r\u00f3\u017cnych wersji kolorystycznych i materia\u0142owych. 3. Na koniec, po ostatecznym zaakceptowaniu przez Inwestora projektu, powstaj\u0105 rysunki techniczne (elektryka, pod\u0142ogi, sufity, meble na wymiar, k\u0142ady \u015bcian itd.)<span class=\"dots\"> &hellip; <\/span><span class=\"link-more\"><a href=\"https:\/\/karadesign.pl\/?page_id=21\" class=\"more-link\">Read more <span class=\"screen-reader-text\">&#8222;OFERTA&#8221;<\/span><\/a><\/span><\/p>\n","protected":false},"author":1,"featured_media":551,"parent":0,"menu_order":0,"comment_status":"closed","ping_status":"open","template":"services.php","meta":[],"_links":{"self":[{"href":"https:\/\/karadesign.pl\/index.php?rest_route=\/wp\/v2\/pages\/21"}],"collection":[{"href":"https:\/\/karadesign.pl\/index.php?rest_route=\/wp\/v2\/pages"}],"about":[{"href":"https:\/\/karadesign.pl\/index.php?rest_route=\/wp\/v2\/types\/page"}],"author":[{"embeddable":true,"href":"https:\/\/karadesign.pl\/index.php?rest_route=\/wp\/v2\/users\/1"}],"replies":[{"embeddable":true,"href":"https:\/\/karadesign.pl\/index.php?rest_route=%2Fwp%2Fv2%2Fcomments&post=21"}],"version-history":[{"count":6,"href":"https:\/\/karadesign.pl\/index.php?rest_route=\/wp\/v2\/pages\/21\/revisions"}],"predecessor-version":[{"id":654,"href":"https:\/\/karadesign.pl\/index.php?rest_route=\/wp\/v2\/pages\/21\/revisions\/654"}],"wp:featuredmedia":[{"embeddable":true,"href":"https:\/\/karadesign.pl\/index.php?rest_route=\/wp\/v2\/media\/551"}],"wp:attachment":[{"href":"https:\/\/karadesign.pl\/index.php?rest_route=%2Fwp%2Fv2%2Fmedia&parent=21"}],"curies":[{"name":"wp","href":"https:\/\/api.w.org\/{rel}","templated":true}]}}